{"id":2,"date":"2021-06-06T19:10:40","date_gmt":"2021-06-06T17:10:40","guid":{"rendered":"http:\/\/moncoachminceur.fr\/?page_id=2"},"modified":"2021-06-07T14:27:23","modified_gmt":"2021-06-07T12:27:23","slug":"page-d-exemple","status":"publish","type":"page","link":"https:\/\/moncoachminceur.fr\/?page_id=2","title":{"rendered":"Contact &#8211; Qui suis-je ?"},"content":{"rendered":"\n<p>Pr\u00e9sentation<\/p>\n\n\n\n<blockquote class=\"wp-block-quote\"><p>Bonjour\u00a0! Je suis Alizea. <\/p><p><\/p><p>Apr\u00e8s un diplome d&#8217;\u00e9cole de commerce, j&#8217;ai suivi une formation de naturopathie, du fait de ma passion pour l&#8217;alimentation saine, le bien-\u00eatre, le sport, l&#8217;hygi\u00e8ne de vie. <\/p><\/blockquote>\n\n\n\n<p>Maman de 3 enfants, j&#8217;entretiens mon corps et donc ma sant\u00e9 pour garder une ligne qui me convient, et j&#8217;aime transmettre cela autour de moi. <\/p>\n\n\n\n<p>Aujourd&#8217;hui, je propose du coaching minceur personnalis\u00e9 dans l&#8217;H\u00e9rault voire aux alentours (me contacter, frais de d\u00e9placements \u00e0 pr\u00e9voir en sus).<\/p>\n\n\n\n<p>Mon exp\u00e9rience dans le domaine m&#8217;a appris qu&#8217;il est toujours possible de mincir, d&#8217;atteindre ses objectifs, avec certes des efforts, mais \u00e0 condition que ces efforts soient proportionn\u00e9s \u00e0 la possibilit\u00e9 de chacun. En aucun cas, il ne peut s&#8217;agir de se fixer des objectifs inatteignables, mieux vaut se montrer patient lorsque l&#8217;on veut d\u00e9marrer une nouvelle vie et se concentrer sur la sant\u00e9 de son corps. <\/p>\n\n\n\n<figure class=\"wp-block-image size-large\"><img loading=\"lazy\" width=\"508\" height=\"340\" src=\"http:\/\/moncoachminceur.fr\/wp-content\/uploads\/2021\/06\/coaching-minceur-a-distance-1.jpg\" alt=\"\" class=\"wp-image-101\" srcset=\"https:\/\/moncoachminceur.fr\/wp-content\/uploads\/2021\/06\/coaching-minceur-a-distance-1.jpg 508w, https:\/\/moncoachminceur.fr\/wp-content\/uploads\/2021\/06\/coaching-minceur-a-distance-1-416x278.jpg 416w, https:\/\/moncoachminceur.fr\/wp-content\/uploads\/2021\/06\/coaching-minceur-a-distance-1-300x201.jpg 300w\" sizes=\"(max-width: 508px) 100vw, 508px\" \/><\/figure>\n\n\n\n<p class=\"has-drop-cap\"><\/p>\n\n\n\n<p>Pour me contacter : <\/p>\n\n\n\n<p>T\u00e9l\u00e9phone : 06 11 75 21 86 <\/p>\n\n\n\n<p>alizea puis AROBASE moncoachminceur.fr<\/p>\n\n\n\n<p><\/p>\n","protected":false},"excerpt":{"rendered":"<p>Pr\u00e9sentation Bonjour\u00a0! Je suis Alizea. Apr\u00e8s un diplome d&#8217;\u00e9cole de commerce, j&#8217;ai suivi une formation de naturopathie, du fait de ma passion pour l&#8217;alimentation saine, le bien-\u00eatre, le sport, l&#8217;hygi\u00e8ne de vie. Maman de 3 &hellip; <\/p>\n","protected":false},"author":1,"featured_media":98,"parent":0,"menu_order":0,"comment_status":"closed","ping_status":"open","template":"","meta":[],"_links":{"self":[{"href":"https:\/\/moncoachminceur.fr\/index.php?rest_route=\/wp\/v2\/pages\/2"}],"collection":[{"href":"https:\/\/moncoachminceur.fr\/index.php?rest_route=\/wp\/v2\/pages"}],"about":[{"href":"https:\/\/moncoachminceur.fr\/index.php?rest_route=\/wp\/v2\/types\/page"}],"author":[{"embeddable":true,"href":"https:\/\/moncoachminceur.fr\/index.php?rest_route=\/wp\/v2\/users\/1"}],"replies":[{"embeddable":true,"href":"https:\/\/moncoachminceur.fr\/index.php?rest_route=%2Fwp%2Fv2%2Fcomments&post=2"}],"version-history":[{"count":5,"href":"https:\/\/moncoachminceur.fr\/index.php?rest_route=\/wp\/v2\/pages\/2\/revisions"}],"predecessor-version":[{"id":102,"href":"https:\/\/moncoachminceur.fr\/index.php?rest_route=\/wp\/v2\/pages\/2\/revisions\/102"}],"wp:featuredmedia":[{"embeddable":true,"href":"https:\/\/moncoachminceur.fr\/index.php?rest_route=\/wp\/v2\/media\/98"}],"wp:attachment":[{"href":"https:\/\/moncoachminceur.fr\/index.php?rest_route=%2Fwp%2Fv2%2Fmedia&parent=2"}],"curies":[{"name":"wp","href":"https:\/\/api.w.org\/{rel}","templated":true}]}}