{"id":69,"date":"2021-06-06T20:48:12","date_gmt":"2021-06-06T18:48:12","guid":{"rendered":"http:\/\/moncoachminceur.fr\/?post_type=product&#038;p=69"},"modified":"2026-04-15T22:28:08","modified_gmt":"2026-04-15T20:28:08","slug":"coaching-personnalise-formule-premium","status":"publish","type":"product","link":"https:\/\/moncoachminceur.fr\/?product=coaching-personnalise-formule-premium","title":{"rendered":"Coaching  personnalis\u00e9 &#8211; Formule \u00e9co"},"content":{"rendered":"<ul>\n<li>Un bilan personnalis\u00e9 : entretien jusqu&#8217;\u00e0 1h30.<\/li>\n<li>Un plan alimentation personnalis\u00e9 en pdf<\/li>\n<li>Des conseils en compl\u00e9ments alimentaires<\/li>\n<li>Un plan sportif personnalis\u00e9 pour vous, en fonction de votre temps.<\/li>\n<li>Un bilan \u00e0 30 jours : entretien de 45 minutes<\/li>\n<li>Acc\u00e8s illimit\u00e9 \u00e0 la salle de sport possible en option<\/li>\n<li>Location de petit mat\u00e9riel possible<\/li>\n<\/ul>\n<p>Abonnement mensuel de 60 euros par mois<\/p>\n<p>(12 semaines de suivi en moyenne, avec possibilit\u00e9 de rallonger ou raccourcir votre abonnement)<\/p>\n","protected":false},"excerpt":{"rendered":"<p>Coaching personnalis\u00e9<\/p>\n<p>Formule \u00e9co avec abonnement mensuel<\/p>\n","protected":false},"featured_media":72,"comment_status":"open","ping_status":"closed","template":"","meta":[],"_links":{"self":[{"href":"https:\/\/moncoachminceur.fr\/index.php?rest_route=\/wp\/v2\/product\/69"}],"collection":[{"href":"https:\/\/moncoachminceur.fr\/index.php?rest_route=\/wp\/v2\/product"}],"about":[{"href":"https:\/\/moncoachminceur.fr\/index.php?rest_route=\/wp\/v2\/types\/product"}],"replies":[{"embeddable":true,"href":"https:\/\/moncoachminceur.fr\/index.php?rest_route=%2Fwp%2Fv2%2Fcomments&post=69"}],"wp:featuredmedia":[{"embeddable":true,"href":"https:\/\/moncoachminceur.fr\/index.php?rest_route=\/wp\/v2\/media\/72"}],"wp:attachment":[{"href":"https:\/\/moncoachminceur.fr\/index.php?rest_route=%2Fwp%2Fv2%2Fmedia&parent=69"}],"curies":[{"name":"wp","href":"https:\/\/api.w.org\/{rel}","templated":true}]}}